{"id":3852,"date":"2024-12-13T02:48:46","date_gmt":"2024-12-13T02:48:46","guid":{"rendered":"https:\/\/rysontheroad.com\/?page_id=3852"},"modified":"2024-12-13T02:49:02","modified_gmt":"2024-12-13T02:49:02","slug":"avis-legal","status":"publish","type":"page","link":"https:\/\/rysontheroad.com\/en\/avis-legal\/","title":{"rendered":"Legal notice"},"content":{"rendered":"<p><strong>\u00bfPor qu\u00e9 TENGO EL AVISO LEGAL?<\/strong><\/p>\n\n\n\n<p>Hola, bienvenido a mi espacio personal, si has llegado hasta esta p\u00e1gina, es porque te interesa mi contenido sobre marca personal, debes de saber que todos los prestadores de servicios estamos obligados a tener este y m\u00e1s documentos legales en nuestra web.<\/p>\n\n\n\n<p>En el presente aviso legal, te proporcionar\u00e9&nbsp; informaci\u00f3n sobre mi identificaci\u00f3n como titular de la web https:\/\/sildeliss.com\/, as\u00ed como las condiciones de uso y obligaciones para el usuario. Hablaremos de responsabilidades, protecci\u00f3n de tus datos, sobre las condiciones y t\u00e9rminos de mis servicios, entre otros. Este documento pretende dar cumplimiento a las obligaciones dispuestas en la Ley 34\/2002, de Servicios de la Sociedad de la Informaci\u00f3n y del Comercio Electr\u00f3nico (LSSI-CE).<\/p>\n\n\n\n<p><strong>IDENTIFICACI\u00d3N DE LA TITULAR DE LA WEB<\/strong><\/p>\n\n\n\n<p>Web: <a href=\"https:\/\/sildeliss.com\/\">https:\/\/sildeliss.com\/<\/a><\/p>\n\n\n\n<p>Actividad: Servicios gesti\u00f3n de redes sociales<\/p>\n\n\n\n<p>Titular de la web: Sildeliss<\/p>\n\n\n\n<p>Correo electr\u00f3nico: hola@sildeliss.com<\/p>\n\n\n\n<p>Otras formas de contacto: v\u00eda formularios dentro de la web<\/p>\n\n\n\n<p><strong>MIS CONDICIONES DE USO DE LA WEB<\/strong><\/p>\n\n\n\n<p>Te informo que toda persona que accede a este sitio web asume el papel de usuario, comprometi\u00e9ndose al cumplimiento riguroso de las disposiciones aqu\u00ed dispuestas, as\u00ed como a cualesquiera otra disposici\u00f3n legal que fuera de aplicaci\u00f3n.<\/p>\n\n\n\n<p>El acceso y uso de la p\u00e1gina web sildeliss.com y todos los subdominios y directorios incluidos bajo la misma, est\u00e1n sujetos a los t\u00e9rminos que se detallan en adelante.<\/p>\n\n\n\n<p>Esta web tiene como finalidad, la difusi\u00f3n y comercializaci\u00f3n de mis servicios.<\/p>\n\n\n\n<p>Todos los visitantes de esta web; usuarios, lectores o clientes, deber\u00e1n respetar los contenidos y el funcionamiento de la web, comprometi\u00e9ndose a no emplearlos para:<\/p>\n\n\n\n<p>Divulgar contenidos o verter comentarios de car\u00e1cter racista, xen\u00f3fobo, pornogr\u00e1fico, ilegal, de apolog\u00eda del terrorismo o atentatorio contra los derechos humanos.<\/p>\n\n\n\n<p>Incidir en conductas contrarias a la buena fe, contra la ley y el orden p\u00fablico.<\/p>\n\n\n\n<p>Provocar da\u00f1os morales, f\u00edsicos y econ\u00f3micos a la titular del sitio web, ni a los proveedores o terceras personas.<\/p>\n\n\n\n<p>Introducir en la red virus inform\u00e1ticos o cualquier sistema que pueda provocar da\u00f1os cuantificables econ\u00f3micamente, as\u00ed como morales o f\u00edsicos.<\/p>\n\n\n\n<p>Suplantar la identidad de otros usuarios, en cualquier momento, pudiendo ser en el proceso de registro, al momento de suscribirse en la web, mediante cualquier formulario dentro de la web. Queda prohibido poner datos de otras personas sin su consentimiento.<\/p>\n\n\n\n<p><strong>INTELLECTUAL PROPERTY<\/strong><\/p>\n\n\n\n<p>Te informo que yo, do\u00f1a Sildeliss, soy titular de todos los derechos de propiedad intelectual e industrial de esta p\u00e1gina web y la de mis licenciatarios, as\u00ed como de todos los contenidos que forman parte de la misma, estos son, im\u00e1genes, logos, sonido, audio, video, estructura y dise\u00f1o, programas de ordenador necesarios para su funcionamiento, acceso y uso.<\/p>\n\n\n\n<p><strong>Derechos de autor<\/strong><\/p>\n\n\n\n<p>Seg\u00fan lo estipulado en los <a href=\"https:\/\/www.boe.es\/eli\/es\/rd\/1880\/09\/03\/(1)\">art\u00edculos 8 y 32.1 de la Ley de la Propiedad Intelectual<\/a>, los contenidos \u00edntegros de este sitio web&nbsp; est\u00e1n sujetos a derechos de autor y queda prohibido divulgarlos, modificarlos o copiarlos, ya sea en su totalidad o en parte.<\/p>\n\n\n\n<p>\u00danicamente doy permiso previo y siempre por escrito para utilizar mi imagen en otras webs, para entrevistas, testimonios y cualquier tipo de publicidad sobre mis servicios y mi web.<\/p>\n\n\n\n<p>Copyright \u00a9 2023 Sildeliss. Todos los derechos reservados.<\/p>\n\n\n\n<p>Algunas de las im\u00e1genes incluidas en mi sitio web est\u00e1n sujetas parcialmente a derechos de autor de terceros.<\/p>\n\n\n\n<p>El usuario que se encuentre navegando en esta web, acepta respetar los derechos de Propiedad Intelectual e Industrial de la titular del sitio, este podr\u00e1 utilizar dichos contenidos o descargarlos y almacenarlos para fines \u00fanica y exclusivamente privados y personales.<\/p>\n\n\n\n<p><strong>Indemnizaciones<\/strong><\/p>\n\n\n\n<p>Cualquier usuario que tenga acceso a alguno de mis servicios o cursos online, y los utilice para fines comerciales, copiando mi curso de forma parcial o total, se ver\u00e1 obligado al pago de una indemnizaci\u00f3n, por vulnerar mis derechos de autor.<\/p>\n\n\n\n<p>Como consecuencia del uso indebido, como titular podr\u00e9 ejercer acciones civiles y penales que me pudieran corresponder conforme a mis derechos.<\/p>\n\n\n\n<p><strong>Colaboraciones<\/strong><\/p>\n\n\n\n<p>En https:\/\/sildeliss.com\/com\/ siempre estamos realizando colaboraciones con m\u00e1s emprendedores, ponte en contacto conmigo, para poder establecer cualquier acuerdo. Me encantar\u00e1 escuchar tus propuestas.<\/p>\n\n\n\n<p><strong>COMUNICACIONES COMERCIALES \u2013 POL\u00cdTICA ANTI SPAM<\/strong><\/p>\n\n\n\n<p>La herramienta que uso para el env\u00edo de nuestras comunicaciones electr\u00f3nicas de servicios es, Mailchimp, que se adhiere a los Principios del Marco de protecci\u00f3n de la privacidad UE-EE. UU. Dicha empresa se encuentra en EE. UU.&nbsp; Para obtener m\u00e1s informaci\u00f3n sobre el escudo de privacidad, visite: https:\/\/www.activecampaign.com\/privacy-policy\/. Todas las comunicaciones comerciales que se env\u00eden a trav\u00e9s de un medio electr\u00f3nico, como en nuestro caso con Mailchimp, tendr\u00e1n la previa, solicitud y aceptaci\u00f3n del usuario.<\/p>\n\n\n\n<p>Dicho consentimiento, que se efect\u00faa cuando marcas la casilla de verificaci\u00f3n, tiene car\u00e1cter revocable, sin efectos retroactivos, con la simple notificaci\u00f3n de su voluntad al remitente, conforme a lo dispuesto en el art\u00edculo 22 de la Ley 34\/2002, de 11 de julio, de servicios de la Sociedad de la Informaci\u00f3n y del Comercio Electr\u00f3nico.&nbsp; Esto quiere decir que el usuario tendr\u00e1 a su disposici\u00f3n, al pie de p\u00e1gina de nuestros e-mails, la opci\u00f3n para darse de baja cuando el mismo quiera.<\/p>\n\n\n\n<p><strong>Recursos gratuitos<\/strong><\/p>\n\n\n\n<p>Cuando te apuntas a alguno de mis recursos gratuitos y das tu consentimiento v\u00eda casilla con enlace a la Pol\u00edtica de Privacidad, te est\u00e1s apuntando a mi Newsletter, por lo tanto; est\u00e1s aceptando que te env\u00ede informaci\u00f3n comercial sobre nuestros servicios, eventos y dem\u00e1s novedades de la web. Por ello es muy importante que leas la Pol\u00edtica de Privacidad.<\/p>\n\n\n\n<p><strong>Pol\u00edtica anti-spam<\/strong><\/p>\n\n\n\n<p>En https:\/\/sildeliss.com\/com&nbsp;&nbsp;&nbsp; estamos en contra del env\u00edo de comunicaciones comerciales no solicitadas y a cualquier tipo de conducta conocida como \u201cspam\u201d<\/p>\n\n\n\n<p>INFORMACI\u00d3N B\u00c1SICA SOBRE PROTECCI\u00d3N DE DATOS<\/p>\n\n\n\n<p>RESPONSABLE: Sildeliss<\/p>\n\n\n\n<p>FINALIDADES: Env\u00edo de comunicaciones comerciales, gesti\u00f3n de nuestros servicios y\/o productos, gesti\u00f3n de comunicaciones por RRSS con usuarios.<\/p>\n\n\n\n<p>LEGITIMACI\u00d3N: Tratamos sus datos sobre la base del consentimiento que nos ha facilitado al suscribirse a nuestros contenidos. As\u00ed como al aceptar y establecer relaciones comerciales, al adquirir alguno de nuestros servicios y\/o productos.<\/p>\n\n\n\n<p>DESTINATARIOS: La herramienta de e \u2013 mail marketing que usamos es Mailchimp, se adhiere a los Principios del Marco de protecci\u00f3n de la privacidad UE-EE. UU.&nbsp; \u201cPrivacy Shield\u201d<\/p>\n\n\n\n<p>DERECHOS: Acceder, rectificar, suprimir, oponerse, as\u00ed como otros derechos que encontrar\u00e1 en el apartado, derechos del usuario en nuestra pol\u00edtica de privacidad.<\/p>\n\n\n\n<p>M\u00c1S INFORMACI\u00d3N: Para mayor informaci\u00f3n sobre el tratamiento de sus datos puede ver nuestra pol\u00edtica de privacidad<\/p>\n\n\n\n<p><strong>CONDICIONES GENERALES DE CONTRATACI\u00d3N DE NUESTROS SERVICIOS<\/strong><\/p>\n\n\n\n<p>Es importante que sepas que si vas a contratar alguno de nuestros servicios online, tienes a tu disposici\u00f3n las Condiciones de Uso aqu\u00ed dispuestas y tambi\u00e9n las Condiciones de Contrataci\u00f3n que contienen toda la informaci\u00f3n sobre, el proceso de compra, medios de pago, as\u00ed como sus derechos de revocaci\u00f3n y desistimiento.<\/p>\n\n\n\n<p>Se comunica adem\u00e1s que cada, servicio contenido en cada una de las p\u00e1ginas de la web o cada servicio que se lance estar\u00e1 debidamente explicado sobre su informaci\u00f3n, contenido, a qui\u00e9n va dirigido y a qui\u00e9n no.<\/p>\n\n\n\n<p>Es fundamental que leas mis condiciones de contrataci\u00f3n, antes de comprar cualquiera de mis servicios.<\/p>\n\n\n\n<p><strong>Sobre los precios<\/strong><\/p>\n\n\n\n<p>Cuando el usuario accede a cada uno de nuestros servicios online, ver\u00e1 de forma clara y precisa las tarifas, que tienen el IVA incluido en la web y que est\u00e1 mencionado claramente. Ante la duda de alg\u00fan precio, oferta y \/o presupuesto puedes ponerte en contacto a trav\u00e9s del correo electr\u00f3nico.<\/p>\n\n\n\n<p><strong>MIS RESPONSABILIDADES<\/strong><\/p>\n\n\n\n<p>Yo, Sildeliss, no ser\u00e9 responsable de las opiniones vertidas por los usuarios a trav\u00e9s de las publicaciones de la web y cualquier otra herramienta de participaci\u00f3n.<\/p>\n\n\n\n<p>Sobre los enlaces a otros sitios webs, en ning\u00fan caso asumir\u00e9 la responsabilidad alguna por los contenidos de un enlace perteneciente a un sitio web ajeno. La inclusi\u00f3n de estos enlaces, no implicar\u00e1 ning\u00fan tipo de asociaci\u00f3n o fusi\u00f3n con las entidades\/personas&nbsp; conectadas.<\/p>\n\n\n\n<p>Se me&nbsp; exime de cualquier tipo de responsabilidad,&nbsp; siempre que la informaci\u00f3n haya sido manipulada o introducida por un tercero ajeno al mismo.<\/p>\n\n\n\n<p><strong>ME RESERVO EL DERECHO A MODIFICACIONES<\/strong><\/p>\n\n\n\n<p>Yo, Sildeliss, como titular y creadora del sitio web https:\/\/sildeliss.com\/com&nbsp;&nbsp; me reservo el derecho a efectuar sin previo aviso las modificaciones que considere oportunas, pudiendo cambiar, suprimir o a\u00f1adir contenidos, productos y servicios que se presten a trav\u00e9s de la misma.<\/p>\n\n\n\n<p>Le recomiendo a todo usuario visitar peri\u00f3dicamente el presente Aviso Legal.<\/p>\n\n\n\n<p><strong>APPLICABLE LAW AND JURISDICTION<\/strong><\/p>\n\n\n\n<p>Para la resoluci\u00f3n de todas las controversias o cuestiones relacionadas con el presente sitio web o de las actividades en \u00e9l desarrolladas, ser\u00e1 de aplicaci\u00f3n la legislaci\u00f3n espa\u00f1ola, a la que se someten expresamente las partes, siendo competentes para la resoluci\u00f3n de todos los conflictos derivados o relacionados con su uso los Juzgados y Tribunales de Lleida.<\/p>\n\n\n\n<p>Finalmente, perseguir\u00e9 el incumplimiento de las presentes condiciones, as\u00ed como de todos los textos legales que encuentres dentro de la web, reserv\u00e1ndome el derecho a retirar comentarios o denegar el acceso al sitio web y los servicios derivados de dicho acceso, sin previo aviso, a instancia propia o de un tercero a aquellas personas que incumplan las presentes condiciones de uso del sitio web.<\/p>\n\n\n\n<p><\/p>","protected":false},"excerpt":{"rendered":"<p>\u00bfPor qu\u00e9 TENGO EL AVISO LEGAL? Hola, bienvenido a mi espacio personal, si has llegado hasta esta p\u00e1gina, es porque te interesa mi contenido sobre marca personal, debes de saber que todos los prestadores de servicios estamos obligados a tener este y m\u00e1s documentos legales en nuestra web. En el presente aviso legal, te proporcionar\u00e9&nbsp; [&hellip;]<\/p>","protected":false},"author":2,"featured_media":0,"parent":0,"menu_order":0,"comment_status":"closed","ping_status":"closed","template":"","meta":{"footnotes":""},"class_list":["post-3852","page","type-page","status-publish","hentry"],"yoast_head":"<!-- This site is optimized with the Yoast SEO plugin v25.7 - https:\/\/yoast.com\/wordpress\/plugins\/seo\/ -->\n<title>Aviso legal - rysontheroad.com<\/title>\n<meta name=\"robots\" content=\"index, follow, max-snippet:-1, max-image-preview:large, max-video-preview:-1\" \/>\n<link rel=\"canonical\" href=\"https:\/\/rysontheroad.com\/en\/avis-legal\/\" \/>\n<meta property=\"og:locale\" content=\"en_GB\" \/>\n<meta property=\"og:type\" content=\"article\" \/>\n<meta property=\"og:title\" content=\"Aviso legal - rysontheroad.com\" \/>\n<meta property=\"og:description\" content=\"\u00bfPor qu\u00e9 TENGO EL AVISO LEGAL? Hola, bienvenido a mi espacio personal, si has llegado hasta esta p\u00e1gina, es porque te interesa mi contenido sobre marca personal, debes de saber que todos los prestadores de servicios estamos obligados a tener este y m\u00e1s documentos legales en nuestra web. En el presente aviso legal, te proporcionar\u00e9&nbsp; [&hellip;]\" \/>\n<meta property=\"og:url\" content=\"https:\/\/rysontheroad.com\/en\/avis-legal\/\" \/>\n<meta property=\"og:site_name\" content=\"rysontheroad.com\" \/>\n<meta property=\"article:publisher\" content=\"https:\/\/www.instagram.com\/rysontheroad\/\" \/>\n<meta property=\"article:modified_time\" content=\"2024-12-13T02:49:02+00:00\" \/>\n<meta name=\"twitter:card\" content=\"summary_large_image\" \/>\n<meta name=\"twitter:label1\" content=\"Estimated reading time\" \/>\n\t<meta name=\"twitter:data1\" content=\"8 minutes\" \/>\n<script type=\"application\/ld+json\" class=\"yoast-schema-graph\">{\"@context\":\"https:\/\/schema.org\",\"@graph\":[{\"@type\":\"WebPage\",\"@id\":\"https:\/\/rysontheroad.com\/avis-legal\/\",\"url\":\"https:\/\/rysontheroad.com\/avis-legal\/\",\"name\":\"Aviso legal - rysontheroad.com\",\"isPartOf\":{\"@id\":\"https:\/\/rysontheroad.com\/#website\"},\"datePublished\":\"2024-12-13T02:48:46+00:00\",\"dateModified\":\"2024-12-13T02:49:02+00:00\",\"breadcrumb\":{\"@id\":\"https:\/\/rysontheroad.com\/avis-legal\/#breadcrumb\"},\"inLanguage\":\"en-GB\",\"potentialAction\":[{\"@type\":\"ReadAction\",\"target\":[\"https:\/\/rysontheroad.com\/avis-legal\/\"]}]},{\"@type\":\"BreadcrumbList\",\"@id\":\"https:\/\/rysontheroad.com\/avis-legal\/#breadcrumb\",\"itemListElement\":[{\"@type\":\"ListItem\",\"position\":1,\"name\":\"Portada\",\"item\":\"https:\/\/rysontheroad.com\/\"},{\"@type\":\"ListItem\",\"position\":2,\"name\":\"Aviso legal\"}]},{\"@type\":\"WebSite\",\"@id\":\"https:\/\/rysontheroad.com\/#website\",\"url\":\"https:\/\/rysontheroad.com\/\",\"name\":\"rysontheroad.com\",\"description\":\"\",\"publisher\":{\"@id\":\"https:\/\/rysontheroad.com\/#organization\"},\"potentialAction\":[{\"@type\":\"SearchAction\",\"target\":{\"@type\":\"EntryPoint\",\"urlTemplate\":\"https:\/\/rysontheroad.com\/?s={search_term_string}\"},\"query-input\":{\"@type\":\"PropertyValueSpecification\",\"valueRequired\":true,\"valueName\":\"search_term_string\"}}],\"inLanguage\":\"en-GB\"},{\"@type\":\"Organization\",\"@id\":\"https:\/\/rysontheroad.com\/#organization\",\"name\":\"RYS LLC\",\"url\":\"https:\/\/rysontheroad.com\/\",\"logo\":{\"@type\":\"ImageObject\",\"inLanguage\":\"en-GB\",\"@id\":\"https:\/\/rysontheroad.com\/#\/schema\/logo\/image\/\",\"url\":\"https:\/\/rysontheroad.com\/wp-content\/uploads\/2024\/11\/cropped-1-1.webp\",\"contentUrl\":\"https:\/\/rysontheroad.com\/wp-content\/uploads\/2024\/11\/cropped-1-1.webp\",\"width\":1238,\"height\":186,\"caption\":\"RYS LLC\"},\"image\":{\"@id\":\"https:\/\/rysontheroad.com\/#\/schema\/logo\/image\/\"},\"sameAs\":[\"https:\/\/www.instagram.com\/rysontheroad\/\"]}]}<\/script>\n<!-- \/ Yoast SEO plugin. -->","yoast_head_json":{"title":"Aviso legal - rysontheroad.com","robots":{"index":"index","follow":"follow","max-snippet":"max-snippet:-1","max-image-preview":"max-image-preview:large","max-video-preview":"max-video-preview:-1"},"canonical":"https:\/\/rysontheroad.com\/en\/avis-legal\/","og_locale":"en_GB","og_type":"article","og_title":"Aviso legal - rysontheroad.com","og_description":"\u00bfPor qu\u00e9 TENGO EL AVISO LEGAL? Hola, bienvenido a mi espacio personal, si has llegado hasta esta p\u00e1gina, es porque te interesa mi contenido sobre marca personal, debes de saber que todos los prestadores de servicios estamos obligados a tener este y m\u00e1s documentos legales en nuestra web. En el presente aviso legal, te proporcionar\u00e9&nbsp; [&hellip;]","og_url":"https:\/\/rysontheroad.com\/en\/avis-legal\/","og_site_name":"rysontheroad.com","article_publisher":"https:\/\/www.instagram.com\/rysontheroad\/","article_modified_time":"2024-12-13T02:49:02+00:00","twitter_card":"summary_large_image","twitter_misc":{"Estimated reading time":"8 minutes"},"schema":{"@context":"https:\/\/schema.org","@graph":[{"@type":"WebPage","@id":"https:\/\/rysontheroad.com\/avis-legal\/","url":"https:\/\/rysontheroad.com\/avis-legal\/","name":"Aviso legal - rysontheroad.com","isPartOf":{"@id":"https:\/\/rysontheroad.com\/#website"},"datePublished":"2024-12-13T02:48:46+00:00","dateModified":"2024-12-13T02:49:02+00:00","breadcrumb":{"@id":"https:\/\/rysontheroad.com\/avis-legal\/#breadcrumb"},"inLanguage":"en-GB","potentialAction":[{"@type":"ReadAction","target":["https:\/\/rysontheroad.com\/avis-legal\/"]}]},{"@type":"BreadcrumbList","@id":"https:\/\/rysontheroad.com\/avis-legal\/#breadcrumb","itemListElement":[{"@type":"ListItem","position":1,"name":"Portada","item":"https:\/\/rysontheroad.com\/"},{"@type":"ListItem","position":2,"name":"Aviso legal"}]},{"@type":"WebSite","@id":"https:\/\/rysontheroad.com\/#website","url":"https:\/\/rysontheroad.com\/","name":"rysontheroad.com","description":"","publisher":{"@id":"https:\/\/rysontheroad.com\/#organization"},"potentialAction":[{"@type":"SearchAction","target":{"@type":"EntryPoint","urlTemplate":"https:\/\/rysontheroad.com\/?s={search_term_string}"},"query-input":{"@type":"PropertyValueSpecification","valueRequired":true,"valueName":"search_term_string"}}],"inLanguage":"en-GB"},{"@type":"Organization","@id":"https:\/\/rysontheroad.com\/#organization","name":"RYS LLC","url":"https:\/\/rysontheroad.com\/","logo":{"@type":"ImageObject","inLanguage":"en-GB","@id":"https:\/\/rysontheroad.com\/#\/schema\/logo\/image\/","url":"https:\/\/rysontheroad.com\/wp-content\/uploads\/2024\/11\/cropped-1-1.webp","contentUrl":"https:\/\/rysontheroad.com\/wp-content\/uploads\/2024\/11\/cropped-1-1.webp","width":1238,"height":186,"caption":"RYS LLC"},"image":{"@id":"https:\/\/rysontheroad.com\/#\/schema\/logo\/image\/"},"sameAs":["https:\/\/www.instagram.com\/rysontheroad\/"]}]}},"_links":{"self":[{"href":"https:\/\/rysontheroad.com\/en\/wp-json\/wp\/v2\/pages\/3852","targetHints":{"allow":["GET"]}}],"collection":[{"href":"https:\/\/rysontheroad.com\/en\/wp-json\/wp\/v2\/pages"}],"about":[{"href":"https:\/\/rysontheroad.com\/en\/wp-json\/wp\/v2\/types\/page"}],"author":[{"embeddable":true,"href":"https:\/\/rysontheroad.com\/en\/wp-json\/wp\/v2\/users\/2"}],"replies":[{"embeddable":true,"href":"https:\/\/rysontheroad.com\/en\/wp-json\/wp\/v2\/comments?post=3852"}],"version-history":[{"count":0,"href":"https:\/\/rysontheroad.com\/en\/wp-json\/wp\/v2\/pages\/3852\/revisions"}],"wp:attachment":[{"href":"https:\/\/rysontheroad.com\/en\/wp-json\/wp\/v2\/media?parent=3852"}],"curies":[{"name":"wp","href":"https:\/\/api.w.org\/{rel}","templated":true}]}}