{"id":5156,"date":"2025-03-15T02:24:19","date_gmt":"2025-03-15T02:24:19","guid":{"rendered":"https:\/\/rysontheroad.com\/?post_type=product&#038;p=5156"},"modified":"2025-05-18T07:37:53","modified_gmt":"2025-05-18T07:37:53","slug":"bali","status":"publish","type":"product","link":"https:\/\/rysontheroad.com\/en\/product\/bali\/","title":{"rendered":"BALI GUIDE"},"content":{"rendered":"","protected":false},"excerpt":{"rendered":"<p>After living in Bali for 5 months, we have created this guide with all the best and must-see things the island has to offer. In it, you\u2019ll find:<\/p>\n<ul>\n<li><strong data-start=\"577\" data-end=\"610\">A travel planner<\/strong> created on the best organization platform: Notion.<\/li>\n<li><strong data-start=\"577\" data-end=\"610\">Essential practical information<\/strong> for before and during your trip.<\/li>\n<li>The essential places<strong data-start=\"642\" data-end=\"694\"> but also the less touristy and lesser-known ones<\/strong>.<\/li>\n<li><strong>The three Nusa islands in full;\u00a0<\/strong>how to get there, how to get around, and everything you can do on them.<\/li>\n<li><span data-start=\"720\" data-end=\"747\"><strong>3<\/strong><\/span><strong data-start=\"720\" data-end=\"747\"> itineraries<\/strong> designed based on the length of your trip.<\/li>\n<li><strong data-start=\"787\" data-end=\"832\">The best hotels and restaurants<\/strong> in Bali for all budgets.<\/li>\n<li><strong>Our map with over 250 points<\/strong> to save you time and avoid unnecessary searches.<\/li>\n<\/ul>","protected":false},"featured_media":6368,"comment_status":"open","ping_status":"closed","template":"","meta":[],"product_brand":[],"product_cat":[59],"product_tag":[],"class_list":{"0":"post-5156","1":"product","2":"type-product","3":"status-publish","4":"has-post-thumbnail","6":"product_cat-guias-de-viaje","8":"first","9":"instock","10":"downloadable","11":"virtual","12":"taxable","13":"purchasable","14":"product-type-simple"},"yoast_head":"<!-- This site is optimized with the Yoast SEO plugin v25.7 - https:\/\/yoast.com\/wordpress\/plugins\/seo\/ -->\n<title>GU\u00cdA DE BALI - rysontheroad.com<\/title>\n<meta name=\"robots\" content=\"index, follow, max-snippet:-1, max-image-preview:large, max-video-preview:-1\" \/>\n<link rel=\"canonical\" href=\"https:\/\/rysontheroad.com\/en\/product\/bali\/\" \/>\n<meta property=\"og:locale\" content=\"en_GB\" \/>\n<meta property=\"og:type\" content=\"article\" \/>\n<meta property=\"og:title\" content=\"GU\u00cdA DE BALI - rysontheroad.com\" \/>\n<meta property=\"og:description\" content=\"Despu\u00e9s de vivir 5 meses en Bali, hemos creado esta gu\u00eda con todo lo mejor e imprescindible que tiene la isla. En ella encontrar\u00e1s:   Planner de viajes en la mejor plataforma de organizaci\u00f3n: Notion  Informaci\u00f3n pr\u00e1ctica esencial para antes y durante tu viaje  Los lugares imprescindibles pero tambi\u00e9n los menos tur\u00edsticos y conocidos.  Las 3 islas Nusa al completo;\u00a0como llegar, c\u00f3mo moverte y todo lo que puedes hacer en ellas.  3 itinerarios dise\u00f1ados seg\u00fan el tiempo que vayas a viajar.  Los mejores hoteles y restaurantes de Bali para todos los presupuestos.  Nuestro mapa con m\u00e1s de 250 puntos para evitarte b\u00fasquedas y p\u00e9rdidas de tiempo\" \/>\n<meta property=\"og:url\" content=\"https:\/\/rysontheroad.com\/en\/product\/bali\/\" \/>\n<meta property=\"og:site_name\" content=\"rysontheroad.com\" \/>\n<meta property=\"article:publisher\" content=\"https:\/\/www.instagram.com\/rysontheroad\/\" \/>\n<meta property=\"article:modified_time\" content=\"2025-05-18T07:37:53+00:00\" \/>\n<meta property=\"og:image\" content=\"https:\/\/rysontheroad.com\/wp-content\/uploads\/2025\/03\/Bali-ES-1-1024x1024.png\" \/>\n\t<meta property=\"og:image:width\" content=\"1024\" \/>\n\t<meta property=\"og:image:height\" content=\"1024\" \/>\n\t<meta property=\"og:image:type\" content=\"image\/png\" \/>\n<meta name=\"twitter:card\" content=\"summary_large_image\" \/>\n<meta name=\"twitter:label1\" content=\"Estimated reading time\" \/>\n\t<meta name=\"twitter:data1\" content=\"1 minute\" \/>\n<script type=\"application\/ld+json\" class=\"yoast-schema-graph\">{\"@context\":\"https:\/\/schema.org\",\"@graph\":[{\"@type\":\"WebPage\",\"@id\":\"https:\/\/rysontheroad.com\/producto\/bali\/\",\"url\":\"https:\/\/rysontheroad.com\/producto\/bali\/\",\"name\":\"GU\u00cdA DE BALI - rysontheroad.com\",\"isPartOf\":{\"@id\":\"https:\/\/rysontheroad.com\/#website\"},\"primaryImageOfPage\":{\"@id\":\"https:\/\/rysontheroad.com\/producto\/bali\/#primaryimage\"},\"image\":{\"@id\":\"https:\/\/rysontheroad.com\/producto\/bali\/#primaryimage\"},\"thumbnailUrl\":\"https:\/\/rysontheroad.com\/wp-content\/uploads\/2025\/03\/Bali-ES-1.png\",\"datePublished\":\"2025-03-15T02:24:19+00:00\",\"dateModified\":\"2025-05-18T07:37:53+00:00\",\"breadcrumb\":{\"@id\":\"https:\/\/rysontheroad.com\/producto\/bali\/#breadcrumb\"},\"inLanguage\":\"en-GB\",\"potentialAction\":[{\"@type\":\"ReadAction\",\"target\":[\"https:\/\/rysontheroad.com\/producto\/bali\/\"]}]},{\"@type\":\"ImageObject\",\"inLanguage\":\"en-GB\",\"@id\":\"https:\/\/rysontheroad.com\/producto\/bali\/#primaryimage\",\"url\":\"https:\/\/rysontheroad.com\/wp-content\/uploads\/2025\/03\/Bali-ES-1.png\",\"contentUrl\":\"https:\/\/rysontheroad.com\/wp-content\/uploads\/2025\/03\/Bali-ES-1.png\",\"width\":1563,\"height\":1563},{\"@type\":\"BreadcrumbList\",\"@id\":\"https:\/\/rysontheroad.com\/producto\/bali\/#breadcrumb\",\"itemListElement\":[{\"@type\":\"ListItem\",\"position\":1,\"name\":\"Portada\",\"item\":\"https:\/\/rysontheroad.com\/\"},{\"@type\":\"ListItem\",\"position\":2,\"name\":\"Shop\",\"item\":\"https:\/\/rysontheroad.com\/shop\/\"},{\"@type\":\"ListItem\",\"position\":3,\"name\":\"GU\u00cdA DE BALI\"}]},{\"@type\":\"WebSite\",\"@id\":\"https:\/\/rysontheroad.com\/#website\",\"url\":\"https:\/\/rysontheroad.com\/\",\"name\":\"rysontheroad.com\",\"description\":\"\",\"publisher\":{\"@id\":\"https:\/\/rysontheroad.com\/#organization\"},\"potentialAction\":[{\"@type\":\"SearchAction\",\"target\":{\"@type\":\"EntryPoint\",\"urlTemplate\":\"https:\/\/rysontheroad.com\/?s={search_term_string}\"},\"query-input\":{\"@type\":\"PropertyValueSpecification\",\"valueRequired\":true,\"valueName\":\"search_term_string\"}}],\"inLanguage\":\"en-GB\"},{\"@type\":\"Organization\",\"@id\":\"https:\/\/rysontheroad.com\/#organization\",\"name\":\"RYS LLC\",\"url\":\"https:\/\/rysontheroad.com\/\",\"logo\":{\"@type\":\"ImageObject\",\"inLanguage\":\"en-GB\",\"@id\":\"https:\/\/rysontheroad.com\/#\/schema\/logo\/image\/\",\"url\":\"https:\/\/rysontheroad.com\/wp-content\/uploads\/2024\/11\/cropped-1-1.webp\",\"contentUrl\":\"https:\/\/rysontheroad.com\/wp-content\/uploads\/2024\/11\/cropped-1-1.webp\",\"width\":1238,\"height\":186,\"caption\":\"RYS LLC\"},\"image\":{\"@id\":\"https:\/\/rysontheroad.com\/#\/schema\/logo\/image\/\"},\"sameAs\":[\"https:\/\/www.instagram.com\/rysontheroad\/\"]}]}<\/script>\n<!-- \/ Yoast SEO plugin. -->","yoast_head_json":{"title":"GU\u00cdA DE BALI - rysontheroad.com","robots":{"index":"index","follow":"follow","max-snippet":"max-snippet:-1","max-image-preview":"max-image-preview:large","max-video-preview":"max-video-preview:-1"},"canonical":"https:\/\/rysontheroad.com\/en\/product\/bali\/","og_locale":"en_GB","og_type":"article","og_title":"GU\u00cdA DE BALI - rysontheroad.com","og_description":"Despu\u00e9s de vivir 5 meses en Bali, hemos creado esta gu\u00eda con todo lo mejor e imprescindible que tiene la isla. En ella encontrar\u00e1s:   Planner de viajes en la mejor plataforma de organizaci\u00f3n: Notion  Informaci\u00f3n pr\u00e1ctica esencial para antes y durante tu viaje  Los lugares imprescindibles pero tambi\u00e9n los menos tur\u00edsticos y conocidos.  Las 3 islas Nusa al completo;\u00a0como llegar, c\u00f3mo moverte y todo lo que puedes hacer en ellas.  3 itinerarios dise\u00f1ados seg\u00fan el tiempo que vayas a viajar.  Los mejores hoteles y restaurantes de Bali para todos los presupuestos.  Nuestro mapa con m\u00e1s de 250 puntos para evitarte b\u00fasquedas y p\u00e9rdidas de tiempo","og_url":"https:\/\/rysontheroad.com\/en\/product\/bali\/","og_site_name":"rysontheroad.com","article_publisher":"https:\/\/www.instagram.com\/rysontheroad\/","article_modified_time":"2025-05-18T07:37:53+00:00","og_image":[{"width":1024,"height":1024,"url":"https:\/\/rysontheroad.com\/wp-content\/uploads\/2025\/03\/Bali-ES-1-1024x1024.png","type":"image\/png"}],"twitter_card":"summary_large_image","twitter_misc":{"Estimated reading time":"1 minute"},"schema":{"@context":"https:\/\/schema.org","@graph":[{"@type":"WebPage","@id":"https:\/\/rysontheroad.com\/producto\/bali\/","url":"https:\/\/rysontheroad.com\/producto\/bali\/","name":"GU\u00cdA DE BALI - rysontheroad.com","isPartOf":{"@id":"https:\/\/rysontheroad.com\/#website"},"primaryImageOfPage":{"@id":"https:\/\/rysontheroad.com\/producto\/bali\/#primaryimage"},"image":{"@id":"https:\/\/rysontheroad.com\/producto\/bali\/#primaryimage"},"thumbnailUrl":"https:\/\/rysontheroad.com\/wp-content\/uploads\/2025\/03\/Bali-ES-1.png","datePublished":"2025-03-15T02:24:19+00:00","dateModified":"2025-05-18T07:37:53+00:00","breadcrumb":{"@id":"https:\/\/rysontheroad.com\/producto\/bali\/#breadcrumb"},"inLanguage":"en-GB","potentialAction":[{"@type":"ReadAction","target":["https:\/\/rysontheroad.com\/producto\/bali\/"]}]},{"@type":"ImageObject","inLanguage":"en-GB","@id":"https:\/\/rysontheroad.com\/producto\/bali\/#primaryimage","url":"https:\/\/rysontheroad.com\/wp-content\/uploads\/2025\/03\/Bali-ES-1.png","contentUrl":"https:\/\/rysontheroad.com\/wp-content\/uploads\/2025\/03\/Bali-ES-1.png","width":1563,"height":1563},{"@type":"BreadcrumbList","@id":"https:\/\/rysontheroad.com\/producto\/bali\/#breadcrumb","itemListElement":[{"@type":"ListItem","position":1,"name":"Portada","item":"https:\/\/rysontheroad.com\/"},{"@type":"ListItem","position":2,"name":"Shop","item":"https:\/\/rysontheroad.com\/shop\/"},{"@type":"ListItem","position":3,"name":"GU\u00cdA DE BALI"}]},{"@type":"WebSite","@id":"https:\/\/rysontheroad.com\/#website","url":"https:\/\/rysontheroad.com\/","name":"rysontheroad.com","description":"","publisher":{"@id":"https:\/\/rysontheroad.com\/#organization"},"potentialAction":[{"@type":"SearchAction","target":{"@type":"EntryPoint","urlTemplate":"https:\/\/rysontheroad.com\/?s={search_term_string}"},"query-input":{"@type":"PropertyValueSpecification","valueRequired":true,"valueName":"search_term_string"}}],"inLanguage":"en-GB"},{"@type":"Organization","@id":"https:\/\/rysontheroad.com\/#organization","name":"RYS LLC","url":"https:\/\/rysontheroad.com\/","logo":{"@type":"ImageObject","inLanguage":"en-GB","@id":"https:\/\/rysontheroad.com\/#\/schema\/logo\/image\/","url":"https:\/\/rysontheroad.com\/wp-content\/uploads\/2024\/11\/cropped-1-1.webp","contentUrl":"https:\/\/rysontheroad.com\/wp-content\/uploads\/2024\/11\/cropped-1-1.webp","width":1238,"height":186,"caption":"RYS LLC"},"image":{"@id":"https:\/\/rysontheroad.com\/#\/schema\/logo\/image\/"},"sameAs":["https:\/\/www.instagram.com\/rysontheroad\/"]}]}},"_links":{"self":[{"href":"https:\/\/rysontheroad.com\/en\/wp-json\/wp\/v2\/product\/5156","targetHints":{"allow":["GET"]}}],"collection":[{"href":"https:\/\/rysontheroad.com\/en\/wp-json\/wp\/v2\/product"}],"about":[{"href":"https:\/\/rysontheroad.com\/en\/wp-json\/wp\/v2\/types\/product"}],"replies":[{"embeddable":true,"href":"https:\/\/rysontheroad.com\/en\/wp-json\/wp\/v2\/comments?post=5156"}],"wp:featuredmedia":[{"embeddable":true,"href":"https:\/\/rysontheroad.com\/en\/wp-json\/wp\/v2\/media\/6368"}],"wp:attachment":[{"href":"https:\/\/rysontheroad.com\/en\/wp-json\/wp\/v2\/media?parent=5156"}],"wp:term":[{"taxonomy":"product_brand","embeddable":true,"href":"https:\/\/rysontheroad.com\/en\/wp-json\/wp\/v2\/product_brand?post=5156"},{"taxonomy":"product_cat","embeddable":true,"href":"https:\/\/rysontheroad.com\/en\/wp-json\/wp\/v2\/product_cat?post=5156"},{"taxonomy":"product_tag","embeddable":true,"href":"https:\/\/rysontheroad.com\/en\/wp-json\/wp\/v2\/product_tag?post=5156"}],"curies":[{"name":"wp","href":"https:\/\/api.w.org\/{rel}","templated":true}]}}