{"id":6364,"date":"2025-05-13T09:59:57","date_gmt":"2025-05-13T09:59:57","guid":{"rendered":"https:\/\/rysontheroad.com\/?post_type=product&#038;p=6364"},"modified":"2025-05-14T07:10:44","modified_gmt":"2025-05-14T07:10:44","slug":"__trashed","status":"publish","type":"product","link":"https:\/\/rysontheroad.com\/en\/product\/__trashed\/","title":{"rendered":"TRAVEL PLANNER"},"content":{"rendered":"","protected":false},"excerpt":{"rendered":"<p>Template created on the best organization platform that exist: <em>Notion<\/em>. This travel planner will offer you:<\/p>\n<ul>\n<li><strong>Keep a record of all your past trips.<\/strong><\/li>\n<li>A space where <strong>you can create your itinerary and save all the important information<\/strong> along with links, notes, and images of the places you want to visit.<\/li>\n<li>A <strong>to-do list for before and during your trip<\/strong>, divided into categories, so you don\u2019t forget anything and can access everything quickly and easily.<\/li>\n<li><strong>Your suitcase always packed<\/strong>, plus several essential lists based on the climate of your trip.<\/li>\n<li><strong>All your important documents<\/strong> (visas, passports, travel insurance, etc.) all in one place.<\/li>\n<li>A space where to create your <strong>bucket list for next adventures.<\/strong><\/li>\n<li><strong>A travel journal<\/strong> to jot down all your learnings, experiences, or feelings, along with images of everything you experience during your trips.<\/li>\n<li><strong>And a few more surprises<\/strong> that you\u2019ll discover once you get the planner.<\/li>\n<\/ul>","protected":false},"featured_media":6384,"comment_status":"open","ping_status":"closed","template":"","meta":[],"product_brand":[],"product_cat":[59],"product_tag":[],"class_list":{"0":"post-6364","1":"product","2":"type-product","3":"status-publish","4":"has-post-thumbnail","6":"product_cat-guias-de-viaje","8":"first","9":"instock","10":"downloadable","11":"virtual","12":"taxable","13":"purchasable","14":"product-type-simple"},"yoast_head":"<!-- This site is optimized with the Yoast SEO plugin v25.7 - https:\/\/yoast.com\/wordpress\/plugins\/seo\/ -->\n<title>TRAVEL PLANNER - rysontheroad.com<\/title>\n<meta name=\"robots\" content=\"index, follow, max-snippet:-1, max-image-preview:large, max-video-preview:-1\" \/>\n<link rel=\"canonical\" href=\"https:\/\/rysontheroad.com\/en\/product\/__trashed\/\" \/>\n<meta property=\"og:locale\" content=\"en_GB\" \/>\n<meta property=\"og:type\" content=\"article\" \/>\n<meta property=\"og:title\" content=\"TRAVEL PLANNER - rysontheroad.com\" \/>\n<meta property=\"og:description\" content=\"Plantilla creada en la mejor plataforma de organizaci\u00f3n que existe: Notion. Este planner de viajes te ofrecer\u00e1:   Llevar un registro de todos tus viajes realizados.  Un espacio donde crear tu itinerario y guardar toda la informaci\u00f3n importante junto a enlaces, anotaciones e im\u00e1genes de los lugares que quieres visitar.  Una lista de tareas para antes y durante tu viaje, dividida por categor\u00edas, para no olvidar nada y acceder a todo de forma r\u00e1pida y sencilla.  Tu maleta siempre hecha, adem\u00e1s de varias listas de imprescindibles seg\u00fan el clima del viaje.  Todos tus documentos importantes (visados, pasaportes, seguros de viaje, etc.) en un solo lugar.  Un espacio donde crear tu lista de deseos para pr\u00f3ximas aventuras.  Un diario para anotar todos tus aprendizajes, experiencias o sensaciones, junto a im\u00e1genes de todo lo que vas viviendo durante tus viajes  Y alguna que otra sorpresa m\u00e1s que descubrir\u00e1s una vez obtengas el planner\" \/>\n<meta property=\"og:url\" content=\"https:\/\/rysontheroad.com\/en\/product\/__trashed\/\" \/>\n<meta property=\"og:site_name\" content=\"rysontheroad.com\" \/>\n<meta property=\"article:publisher\" content=\"https:\/\/www.instagram.com\/rysontheroad\/\" \/>\n<meta property=\"article:modified_time\" content=\"2025-05-14T07:10:44+00:00\" \/>\n<meta property=\"og:image\" content=\"https:\/\/rysontheroad.com\/wp-content\/uploads\/2025\/05\/MockupS-1.png\" \/>\n\t<meta property=\"og:image:width\" content=\"1250\" \/>\n\t<meta property=\"og:image:height\" content=\"1250\" \/>\n\t<meta property=\"og:image:type\" content=\"image\/png\" \/>\n<meta name=\"twitter:card\" content=\"summary_large_image\" \/>\n<meta name=\"twitter:label1\" content=\"Estimated reading time\" \/>\n\t<meta name=\"twitter:data1\" content=\"1 minute\" \/>\n<script type=\"application\/ld+json\" class=\"yoast-schema-graph\">{\"@context\":\"https:\/\/schema.org\",\"@graph\":[{\"@type\":\"WebPage\",\"@id\":\"https:\/\/rysontheroad.com\/producto\/__trashed\/\",\"url\":\"https:\/\/rysontheroad.com\/producto\/__trashed\/\",\"name\":\"TRAVEL PLANNER - rysontheroad.com\",\"isPartOf\":{\"@id\":\"https:\/\/rysontheroad.com\/#website\"},\"primaryImageOfPage\":{\"@id\":\"https:\/\/rysontheroad.com\/producto\/__trashed\/#primaryimage\"},\"image\":{\"@id\":\"https:\/\/rysontheroad.com\/producto\/__trashed\/#primaryimage\"},\"thumbnailUrl\":\"https:\/\/rysontheroad.com\/wp-content\/uploads\/2025\/05\/MockupS-1.png\",\"datePublished\":\"2025-05-13T09:59:57+00:00\",\"dateModified\":\"2025-05-14T07:10:44+00:00\",\"breadcrumb\":{\"@id\":\"https:\/\/rysontheroad.com\/producto\/__trashed\/#breadcrumb\"},\"inLanguage\":\"en-GB\",\"potentialAction\":[{\"@type\":\"ReadAction\",\"target\":[\"https:\/\/rysontheroad.com\/producto\/__trashed\/\"]}]},{\"@type\":\"ImageObject\",\"inLanguage\":\"en-GB\",\"@id\":\"https:\/\/rysontheroad.com\/producto\/__trashed\/#primaryimage\",\"url\":\"https:\/\/rysontheroad.com\/wp-content\/uploads\/2025\/05\/MockupS-1.png\",\"contentUrl\":\"https:\/\/rysontheroad.com\/wp-content\/uploads\/2025\/05\/MockupS-1.png\",\"width\":1250,\"height\":1250},{\"@type\":\"BreadcrumbList\",\"@id\":\"https:\/\/rysontheroad.com\/producto\/__trashed\/#breadcrumb\",\"itemListElement\":[{\"@type\":\"ListItem\",\"position\":1,\"name\":\"Portada\",\"item\":\"https:\/\/rysontheroad.com\/\"},{\"@type\":\"ListItem\",\"position\":2,\"name\":\"Shop\",\"item\":\"https:\/\/rysontheroad.com\/shop\/\"},{\"@type\":\"ListItem\",\"position\":3,\"name\":\"TRAVEL PLANNER\"}]},{\"@type\":\"WebSite\",\"@id\":\"https:\/\/rysontheroad.com\/#website\",\"url\":\"https:\/\/rysontheroad.com\/\",\"name\":\"rysontheroad.com\",\"description\":\"\",\"publisher\":{\"@id\":\"https:\/\/rysontheroad.com\/#organization\"},\"potentialAction\":[{\"@type\":\"SearchAction\",\"target\":{\"@type\":\"EntryPoint\",\"urlTemplate\":\"https:\/\/rysontheroad.com\/?s={search_term_string}\"},\"query-input\":{\"@type\":\"PropertyValueSpecification\",\"valueRequired\":true,\"valueName\":\"search_term_string\"}}],\"inLanguage\":\"en-GB\"},{\"@type\":\"Organization\",\"@id\":\"https:\/\/rysontheroad.com\/#organization\",\"name\":\"RYS LLC\",\"url\":\"https:\/\/rysontheroad.com\/\",\"logo\":{\"@type\":\"ImageObject\",\"inLanguage\":\"en-GB\",\"@id\":\"https:\/\/rysontheroad.com\/#\/schema\/logo\/image\/\",\"url\":\"https:\/\/rysontheroad.com\/wp-content\/uploads\/2024\/11\/cropped-1-1.webp\",\"contentUrl\":\"https:\/\/rysontheroad.com\/wp-content\/uploads\/2024\/11\/cropped-1-1.webp\",\"width\":1238,\"height\":186,\"caption\":\"RYS LLC\"},\"image\":{\"@id\":\"https:\/\/rysontheroad.com\/#\/schema\/logo\/image\/\"},\"sameAs\":[\"https:\/\/www.instagram.com\/rysontheroad\/\"]}]}<\/script>\n<!-- \/ Yoast SEO plugin. -->","yoast_head_json":{"title":"TRAVEL PLANNER - rysontheroad.com","robots":{"index":"index","follow":"follow","max-snippet":"max-snippet:-1","max-image-preview":"max-image-preview:large","max-video-preview":"max-video-preview:-1"},"canonical":"https:\/\/rysontheroad.com\/en\/product\/__trashed\/","og_locale":"en_GB","og_type":"article","og_title":"TRAVEL PLANNER - rysontheroad.com","og_description":"Plantilla creada en la mejor plataforma de organizaci\u00f3n que existe: Notion. Este planner de viajes te ofrecer\u00e1:   Llevar un registro de todos tus viajes realizados.  Un espacio donde crear tu itinerario y guardar toda la informaci\u00f3n importante junto a enlaces, anotaciones e im\u00e1genes de los lugares que quieres visitar.  Una lista de tareas para antes y durante tu viaje, dividida por categor\u00edas, para no olvidar nada y acceder a todo de forma r\u00e1pida y sencilla.  Tu maleta siempre hecha, adem\u00e1s de varias listas de imprescindibles seg\u00fan el clima del viaje.  Todos tus documentos importantes (visados, pasaportes, seguros de viaje, etc.) en un solo lugar.  Un espacio donde crear tu lista de deseos para pr\u00f3ximas aventuras.  Un diario para anotar todos tus aprendizajes, experiencias o sensaciones, junto a im\u00e1genes de todo lo que vas viviendo durante tus viajes  Y alguna que otra sorpresa m\u00e1s que descubrir\u00e1s una vez obtengas el planner","og_url":"https:\/\/rysontheroad.com\/en\/product\/__trashed\/","og_site_name":"rysontheroad.com","article_publisher":"https:\/\/www.instagram.com\/rysontheroad\/","article_modified_time":"2025-05-14T07:10:44+00:00","og_image":[{"width":1250,"height":1250,"url":"https:\/\/rysontheroad.com\/wp-content\/uploads\/2025\/05\/MockupS-1.png","type":"image\/png"}],"twitter_card":"summary_large_image","twitter_misc":{"Estimated reading time":"1 minute"},"schema":{"@context":"https:\/\/schema.org","@graph":[{"@type":"WebPage","@id":"https:\/\/rysontheroad.com\/producto\/__trashed\/","url":"https:\/\/rysontheroad.com\/producto\/__trashed\/","name":"TRAVEL PLANNER - rysontheroad.com","isPartOf":{"@id":"https:\/\/rysontheroad.com\/#website"},"primaryImageOfPage":{"@id":"https:\/\/rysontheroad.com\/producto\/__trashed\/#primaryimage"},"image":{"@id":"https:\/\/rysontheroad.com\/producto\/__trashed\/#primaryimage"},"thumbnailUrl":"https:\/\/rysontheroad.com\/wp-content\/uploads\/2025\/05\/MockupS-1.png","datePublished":"2025-05-13T09:59:57+00:00","dateModified":"2025-05-14T07:10:44+00:00","breadcrumb":{"@id":"https:\/\/rysontheroad.com\/producto\/__trashed\/#breadcrumb"},"inLanguage":"en-GB","potentialAction":[{"@type":"ReadAction","target":["https:\/\/rysontheroad.com\/producto\/__trashed\/"]}]},{"@type":"ImageObject","inLanguage":"en-GB","@id":"https:\/\/rysontheroad.com\/producto\/__trashed\/#primaryimage","url":"https:\/\/rysontheroad.com\/wp-content\/uploads\/2025\/05\/MockupS-1.png","contentUrl":"https:\/\/rysontheroad.com\/wp-content\/uploads\/2025\/05\/MockupS-1.png","width":1250,"height":1250},{"@type":"BreadcrumbList","@id":"https:\/\/rysontheroad.com\/producto\/__trashed\/#breadcrumb","itemListElement":[{"@type":"ListItem","position":1,"name":"Portada","item":"https:\/\/rysontheroad.com\/"},{"@type":"ListItem","position":2,"name":"Shop","item":"https:\/\/rysontheroad.com\/shop\/"},{"@type":"ListItem","position":3,"name":"TRAVEL PLANNER"}]},{"@type":"WebSite","@id":"https:\/\/rysontheroad.com\/#website","url":"https:\/\/rysontheroad.com\/","name":"rysontheroad.com","description":"","publisher":{"@id":"https:\/\/rysontheroad.com\/#organization"},"potentialAction":[{"@type":"SearchAction","target":{"@type":"EntryPoint","urlTemplate":"https:\/\/rysontheroad.com\/?s={search_term_string}"},"query-input":{"@type":"PropertyValueSpecification","valueRequired":true,"valueName":"search_term_string"}}],"inLanguage":"en-GB"},{"@type":"Organization","@id":"https:\/\/rysontheroad.com\/#organization","name":"RYS LLC","url":"https:\/\/rysontheroad.com\/","logo":{"@type":"ImageObject","inLanguage":"en-GB","@id":"https:\/\/rysontheroad.com\/#\/schema\/logo\/image\/","url":"https:\/\/rysontheroad.com\/wp-content\/uploads\/2024\/11\/cropped-1-1.webp","contentUrl":"https:\/\/rysontheroad.com\/wp-content\/uploads\/2024\/11\/cropped-1-1.webp","width":1238,"height":186,"caption":"RYS LLC"},"image":{"@id":"https:\/\/rysontheroad.com\/#\/schema\/logo\/image\/"},"sameAs":["https:\/\/www.instagram.com\/rysontheroad\/"]}]}},"_links":{"self":[{"href":"https:\/\/rysontheroad.com\/en\/wp-json\/wp\/v2\/product\/6364","targetHints":{"allow":["GET"]}}],"collection":[{"href":"https:\/\/rysontheroad.com\/en\/wp-json\/wp\/v2\/product"}],"about":[{"href":"https:\/\/rysontheroad.com\/en\/wp-json\/wp\/v2\/types\/product"}],"replies":[{"embeddable":true,"href":"https:\/\/rysontheroad.com\/en\/wp-json\/wp\/v2\/comments?post=6364"}],"wp:featuredmedia":[{"embeddable":true,"href":"https:\/\/rysontheroad.com\/en\/wp-json\/wp\/v2\/media\/6384"}],"wp:attachment":[{"href":"https:\/\/rysontheroad.com\/en\/wp-json\/wp\/v2\/media?parent=6364"}],"wp:term":[{"taxonomy":"product_brand","embeddable":true,"href":"https:\/\/rysontheroad.com\/en\/wp-json\/wp\/v2\/product_brand?post=6364"},{"taxonomy":"product_cat","embeddable":true,"href":"https:\/\/rysontheroad.com\/en\/wp-json\/wp\/v2\/product_cat?post=6364"},{"taxonomy":"product_tag","embeddable":true,"href":"https:\/\/rysontheroad.com\/en\/wp-json\/wp\/v2\/product_tag?post=6364"}],"curies":[{"name":"wp","href":"https:\/\/api.w.org\/{rel}","templated":true}]}}